{"id":1400,"date":"2019-07-12T14:07:27","date_gmt":"2019-07-12T14:07:27","guid":{"rendered":"http:\/\/www.autotrol.net\/es\/?page_id=1400"},"modified":"2019-07-12T19:48:53","modified_gmt":"2019-07-12T19:48:53","slug":"recursos-humanos","status":"publish","type":"page","link":"https:\/\/www.autotrol.net\/es\/recursos-humanos\/","title":{"rendered":"Recursos Humanos"},"content":{"rendered":"<p><img loading=\"lazy\" src=\"http:\/\/www.autotrol.net\/es\/wp-content\/uploads\/2019\/07\/rrh-300x169.png\" alt=\"\" width=\"450\" height=\"269\" class=\"alignnone size-medium wp-image-1420\" \/><\/p>\n<h1>Trabaj\u00e1 con nosotros<\/h1>\n<h2>Carg\u00e1 tus datos y te contactaremos si tu perfil se ajusta a alguna de nuestras b\u00fasquedas.<\/h2>\n<p><\/p>\n<div role=\"form\" class=\"wpcf7\" id=\"wpcf7-f1432-o1\" lang=\"es-ES\" dir=\"ltr\">\n<div class=\"screen-reader-response\"><p role=\"status\" aria-live=\"polite\" aria-atomic=\"true\"><\/p> <ul><\/ul><\/div>\n<form action=\"\/es\/wp-json\/wp\/v2\/pages\/1400#wpcf7-f1432-o1\" method=\"post\" class=\"wpcf7-form init\" novalidate=\"novalidate\" data-status=\"init\">\n<div style=\"display: none;\">\n<input type=\"hidden\" name=\"_wpcf7\" value=\"1432\" \/>\n<input type=\"hidden\" name=\"_wpcf7_version\" value=\"5.6.3\" \/>\n<input type=\"hidden\" name=\"_wpcf7_locale\" value=\"es_ES\" \/>\n<input type=\"hidden\" name=\"_wpcf7_unit_tag\" value=\"wpcf7-f1432-o1\" \/>\n<input type=\"hidden\" name=\"_wpcf7_container_post\" value=\"0\" \/>\n<input type=\"hidden\" name=\"_wpcf7_posted_data_hash\" value=\"\" \/>\n<\/div>\n<p><label> Nombre y Apellido (requerido)<br \/>\n    <span class=\"wpcf7-form-control-wrap\" data-name=\"your-name\"><input type=\"text\" name=\"your-name\" value=\"\" size=\"40\" class=\"wpcf7-form-control wpcf7-text wpcf7-validates-as-required\" aria-required=\"true\" aria-invalid=\"false\" \/><\/span> <\/label><\/p>\n<p><label> Tu correo electr\u00f3nico (requerido)<br \/>\n    <span class=\"wpcf7-form-control-wrap\" data-name=\"your-email\"><input type=\"email\" name=\"your-email\" value=\"\" size=\"40\" class=\"wpcf7-form-control wpcf7-text wpcf7-email wpcf7-validates-as-required wpcf7-validates-as-email\" aria-required=\"true\" aria-invalid=\"false\" \/><\/span> <\/label><\/p>\n<p><label> Tel\u00e9fono<br \/>\n    <span class=\"wpcf7-form-control-wrap\" data-name=\"tel\"><input type=\"tel\" name=\"tel\" value=\"\" size=\"40\" class=\"wpcf7-form-control wpcf7-text wpcf7-tel wpcf7-validates-as-required wpcf7-validates-as-tel\" aria-required=\"true\" aria-invalid=\"false\" \/><\/span> <\/label><\/p>\n<p><label>Fecha de nacimiento<br \/>\n<span class=\"wpcf7-form-control-wrap\" data-name=\"fecha-nacim\"><input type=\"date\" name=\"fecha-nacim\" value=\"\" class=\"wpcf7-form-control wpcf7-date wpcf7-validates-as-date\" aria-invalid=\"false\" \/><\/span> <\/label><\/p>\n<p><label> Estado Civil<br \/>\n    <span class=\"wpcf7-form-control-wrap\" data-name=\"your-estadocivil\"><input type=\"text\" name=\"your-estadocivil\" value=\"\" size=\"40\" class=\"wpcf7-form-control wpcf7-text wpcf7-validates-as-required\" aria-required=\"true\" aria-invalid=\"false\" \/><\/span> <\/label><\/p>\n<p><label> Nivel de estudios<br \/>\n<span class=\"wpcf7-form-control-wrap\" data-name=\"estudios\"><select name=\"estudios\" class=\"wpcf7-form-control wpcf7-select\" aria-invalid=\"false\"><option value=\"Primario completo\">Primario completo<\/option><option value=\"Secundario completo\">Secundario completo<\/option><option value=\"Terciario\">Terciario<\/option><option value=\"Universitario en curso\">Universitario en curso<\/option><option value=\"Universitario finalizado\">Universitario finalizado<\/option><\/select><\/span><\/label><\/p>\n<p><lavel> \u00c1rea de estudio<br \/>\n<span class=\"wpcf7-form-control-wrap\" data-name=\"area\"><span class=\"wpcf7-form-control wpcf7-checkbox\"><span class=\"wpcf7-list-item first\"><input type=\"checkbox\" name=\"area[]\" value=\"Administraci\u00f3n\" \/><span class=\"wpcf7-list-item-label\">Administraci\u00f3n<\/span><\/span><span class=\"wpcf7-list-item\"><input type=\"checkbox\" name=\"area[]\" value=\"Comercio Exterior\" \/><span class=\"wpcf7-list-item-label\">Comercio Exterior<\/span><\/span><span class=\"wpcf7-list-item\"><input type=\"checkbox\" name=\"area[]\" value=\"Comunicaci\u00f3n\" \/><span class=\"wpcf7-list-item-label\">Comunicaci\u00f3n<\/span><\/span><span class=\"wpcf7-list-item\"><input type=\"checkbox\" name=\"area[]\" value=\"Contabilidad\/Finanzas\" \/><span class=\"wpcf7-list-item-label\">Contabilidad\/Finanzas<\/span><\/span><span class=\"wpcf7-list-item\"><input type=\"checkbox\" name=\"area[]\" value=\"Ingenier\u00eda Electr\u00f3nica\/Tecnolog\u00eda\" \/><span class=\"wpcf7-list-item-label\">Ingenier\u00eda Electr\u00f3nica\/Tecnolog\u00eda<\/span><\/span><span class=\"wpcf7-list-item\"><input type=\"checkbox\" name=\"area[]\" value=\"Inform\u00e1tica\" \/><span class=\"wpcf7-list-item-label\">Inform\u00e1tica<\/span><\/span><span class=\"wpcf7-list-item\"><input type=\"checkbox\" name=\"area[]\" value=\"Ingenier\u00eda Civil\" \/><span class=\"wpcf7-list-item-label\">Ingenier\u00eda Civil<\/span><\/span><span class=\"wpcf7-list-item\"><input type=\"checkbox\" name=\"area[]\" value=\"Innovaci\u00f3n Tecnol\u00f3gica\" \/><span class=\"wpcf7-list-item-label\">Innovaci\u00f3n Tecnol\u00f3gica<\/span><\/span><span class=\"wpcf7-list-item\"><input type=\"checkbox\" name=\"area[]\" value=\"Ingenier\u00eda El\u00e9ctrica\/Electromec\u00e1nica\" \/><span class=\"wpcf7-list-item-label\">Ingenier\u00eda El\u00e9ctrica\/Electromec\u00e1nica<\/span><\/span><span class=\"wpcf7-list-item\"><input type=\"checkbox\" name=\"area[]\" value=\"Ingenier\u00eda Industrial\" \/><span class=\"wpcf7-list-item-label\">Ingenier\u00eda Industrial<\/span><\/span><span class=\"wpcf7-list-item\"><input type=\"checkbox\" name=\"area[]\" value=\"Legales\" \/><span class=\"wpcf7-list-item-label\">Legales<\/span><\/span><span class=\"wpcf7-list-item\"><input type=\"checkbox\" name=\"area[]\" value=\"RRHH\" \/><span class=\"wpcf7-list-item-label\">RRHH<\/span><\/span><span class=\"wpcf7-list-item last\"><input type=\"checkbox\" name=\"area[]\" value=\"Otra\" \/><span class=\"wpcf7-list-item-label\">Otra<\/span><\/span><\/span><\/span><\/lavel><\/p>\n<p><label> Idioma<br \/>\n    <span class=\"wpcf7-form-control-wrap\" data-name=\"idioma\"><span class=\"wpcf7-form-control wpcf7-checkbox\"><span class=\"wpcf7-list-item first\"><input type=\"checkbox\" name=\"idioma[]\" value=\"Ingl\u00e9s\" \/><span class=\"wpcf7-list-item-label\">Ingl\u00e9s<\/span><\/span><span class=\"wpcf7-list-item\"><input type=\"checkbox\" name=\"idioma[]\" value=\"Portugu\u00e9s\" \/><span class=\"wpcf7-list-item-label\">Portugu\u00e9s<\/span><\/span><span class=\"wpcf7-list-item\"><input type=\"checkbox\" name=\"idioma[]\" value=\"Franc\u00e9s\" \/><span class=\"wpcf7-list-item-label\">Franc\u00e9s<\/span><\/span><span class=\"wpcf7-list-item\"><input type=\"checkbox\" name=\"idioma[]\" value=\"Italiano\" \/><span class=\"wpcf7-list-item-label\">Italiano<\/span><\/span><span class=\"wpcf7-list-item last\"><input type=\"checkbox\" name=\"idioma[]\" value=\"Alem\u00e1n\" \/><span class=\"wpcf7-list-item-label\">Alem\u00e1n<\/span><\/span><\/span><\/span><\/label><\/p>\n<p><label> Breve carta de presentaci\u00f3n<br \/>\n    <span class=\"wpcf7-form-control-wrap\" data-name=\"your-presentacion\"><textarea name=\"your-presentacion\" cols=\"40\" rows=\"10\" class=\"wpcf7-form-control wpcf7-textarea\" aria-invalid=\"false\"><\/textarea><\/span> <\/label><\/p>\n<p><label> Experiencia Laboral<br \/>\n    <span class=\"wpcf7-form-control-wrap\" data-name=\"your-experiencialaboral\"><textarea name=\"your-experiencialaboral\" cols=\"40\" rows=\"10\" class=\"wpcf7-form-control wpcf7-textarea\" aria-invalid=\"false\"><\/textarea><\/span> <\/label><\/p>\n<p><input type=\"submit\" value=\"Enviar\" class=\"wpcf7-form-control has-spinner wpcf7-submit\" \/><\/p>\n<input type='hidden' class='wpcf7-pum' value='{\"closepopup\":false,\"closedelay\":0,\"openpopup\":false,\"openpopup_id\":0}' \/><div class=\"wpcf7-response-output\" aria-hidden=\"true\"><\/div><\/form><\/div>\n","protected":false},"excerpt":{"rendered":"<p>Trabaj\u00e1 con nosotros Carg\u00e1 tus datos y te contactaremos si tu perfil se ajusta a alguna de nuestras b\u00fasquedas.<\/p>\n","protected":false},"author":1,"featured_media":0,"parent":0,"menu_order":0,"comment_status":"closed","ping_status":"closed","template":"","meta":[],"yoast_head":"<!-- This site is optimized with the Yoast SEO plugin v19.7.1 - https:\/\/yoast.com\/wordpress\/plugins\/seo\/ -->\n<title>Recursos Humanos - Autotrol<\/title>\n<meta name=\"robots\" content=\"index, follow, max-snippet:-1, max-image-preview:large, max-video-preview:-1\" \/>\n<link rel=\"canonical\" href=\"https:\/\/www.autotrol.net\/es\/recursos-humanos\/\" \/>\n<meta property=\"og:locale\" content=\"es_ES\" \/>\n<meta property=\"og:type\" content=\"article\" \/>\n<meta property=\"og:title\" content=\"Recursos Humanos - Autotrol\" \/>\n<meta property=\"og:description\" content=\"Trabaj\u00e1 con nosotros Carg\u00e1 tus datos y te contactaremos si tu perfil se ajusta a alguna de nuestras b\u00fasquedas.\" \/>\n<meta property=\"og:url\" content=\"https:\/\/www.autotrol.net\/es\/recursos-humanos\/\" \/>\n<meta property=\"og:site_name\" content=\"Autotrol\" \/>\n<meta property=\"article:modified_time\" content=\"2019-07-12T19:48:53+00:00\" \/>\n<meta property=\"og:image\" content=\"http:\/\/www.autotrol.net\/es\/wp-content\/uploads\/2019\/07\/rrh-300x169.png\" \/>\n<meta name=\"twitter:card\" content=\"summary_large_image\" \/>\n<script type=\"application\/ld+json\" class=\"yoast-schema-graph\">{\"@context\":\"https:\/\/schema.org\",\"@graph\":[{\"@type\":\"WebPage\",\"@id\":\"https:\/\/www.autotrol.net\/es\/recursos-humanos\/\",\"url\":\"https:\/\/www.autotrol.net\/es\/recursos-humanos\/\",\"name\":\"Recursos Humanos - Autotrol\",\"isPartOf\":{\"@id\":\"https:\/\/www.autotrol.net\/es\/#website\"},\"datePublished\":\"2019-07-12T14:07:27+00:00\",\"dateModified\":\"2019-07-12T19:48:53+00:00\",\"breadcrumb\":{\"@id\":\"https:\/\/www.autotrol.net\/es\/recursos-humanos\/#breadcrumb\"},\"inLanguage\":\"es\",\"potentialAction\":[{\"@type\":\"ReadAction\",\"target\":[\"https:\/\/www.autotrol.net\/es\/recursos-humanos\/\"]}]},{\"@type\":\"BreadcrumbList\",\"@id\":\"https:\/\/www.autotrol.net\/es\/recursos-humanos\/#breadcrumb\",\"itemListElement\":[{\"@type\":\"ListItem\",\"position\":1,\"name\":\"Portada\",\"item\":\"https:\/\/www.autotrol.net\/es\/\"},{\"@type\":\"ListItem\",\"position\":2,\"name\":\"Recursos Humanos\"}]},{\"@type\":\"WebSite\",\"@id\":\"https:\/\/www.autotrol.net\/es\/#website\",\"url\":\"https:\/\/www.autotrol.net\/es\/\",\"name\":\"Autotrol\",\"description\":\"\",\"potentialAction\":[{\"@type\":\"SearchAction\",\"target\":{\"@type\":\"EntryPoint\",\"urlTemplate\":\"https:\/\/www.autotrol.net\/es\/?s={search_term_string}\"},\"query-input\":\"required name=search_term_string\"}],\"inLanguage\":\"es\"}]}<\/script>\n<!-- \/ Yoast SEO plugin. -->","yoast_head_json":{"title":"Recursos Humanos - Autotrol","robots":{"index":"index","follow":"follow","max-snippet":"max-snippet:-1","max-image-preview":"max-image-preview:large","max-video-preview":"max-video-preview:-1"},"canonical":"https:\/\/www.autotrol.net\/es\/recursos-humanos\/","og_locale":"es_ES","og_type":"article","og_title":"Recursos Humanos - Autotrol","og_description":"Trabaj\u00e1 con nosotros Carg\u00e1 tus datos y te contactaremos si tu perfil se ajusta a alguna de nuestras b\u00fasquedas.","og_url":"https:\/\/www.autotrol.net\/es\/recursos-humanos\/","og_site_name":"Autotrol","article_modified_time":"2019-07-12T19:48:53+00:00","og_image":[{"url":"http:\/\/www.autotrol.net\/es\/wp-content\/uploads\/2019\/07\/rrh-300x169.png"}],"twitter_card":"summary_large_image","schema":{"@context":"https:\/\/schema.org","@graph":[{"@type":"WebPage","@id":"https:\/\/www.autotrol.net\/es\/recursos-humanos\/","url":"https:\/\/www.autotrol.net\/es\/recursos-humanos\/","name":"Recursos Humanos - Autotrol","isPartOf":{"@id":"https:\/\/www.autotrol.net\/es\/#website"},"datePublished":"2019-07-12T14:07:27+00:00","dateModified":"2019-07-12T19:48:53+00:00","breadcrumb":{"@id":"https:\/\/www.autotrol.net\/es\/recursos-humanos\/#breadcrumb"},"inLanguage":"es","potentialAction":[{"@type":"ReadAction","target":["https:\/\/www.autotrol.net\/es\/recursos-humanos\/"]}]},{"@type":"BreadcrumbList","@id":"https:\/\/www.autotrol.net\/es\/recursos-humanos\/#breadcrumb","itemListElement":[{"@type":"ListItem","position":1,"name":"Portada","item":"https:\/\/www.autotrol.net\/es\/"},{"@type":"ListItem","position":2,"name":"Recursos Humanos"}]},{"@type":"WebSite","@id":"https:\/\/www.autotrol.net\/es\/#website","url":"https:\/\/www.autotrol.net\/es\/","name":"Autotrol","description":"","potentialAction":[{"@type":"SearchAction","target":{"@type":"EntryPoint","urlTemplate":"https:\/\/www.autotrol.net\/es\/?s={search_term_string}"},"query-input":"required name=search_term_string"}],"inLanguage":"es"}]}},"_links":{"self":[{"href":"https:\/\/www.autotrol.net\/es\/wp-json\/wp\/v2\/pages\/1400"}],"collection":[{"href":"https:\/\/www.autotrol.net\/es\/wp-json\/wp\/v2\/pages"}],"about":[{"href":"https:\/\/www.autotrol.net\/es\/wp-json\/wp\/v2\/types\/page"}],"author":[{"embeddable":true,"href":"https:\/\/www.autotrol.net\/es\/wp-json\/wp\/v2\/users\/1"}],"replies":[{"embeddable":true,"href":"https:\/\/www.autotrol.net\/es\/wp-json\/wp\/v2\/comments?post=1400"}],"version-history":[{"count":28,"href":"https:\/\/www.autotrol.net\/es\/wp-json\/wp\/v2\/pages\/1400\/revisions"}],"predecessor-version":[{"id":1436,"href":"https:\/\/www.autotrol.net\/es\/wp-json\/wp\/v2\/pages\/1400\/revisions\/1436"}],"wp:attachment":[{"href":"https:\/\/www.autotrol.net\/es\/wp-json\/wp\/v2\/media?parent=1400"}],"curies":[{"name":"wp","href":"https:\/\/api.w.org\/{rel}","templated":true}]}}