{"id":521,"date":"2018-03-01T19:50:58","date_gmt":"2018-03-01T19:50:58","guid":{"rendered":"http:\/\/www.autotrol.net\/es\/?page_id=521"},"modified":"2018-03-01T20:06:41","modified_gmt":"2018-03-01T20:06:41","slug":"roberto-maidanik-el-fundador-2","status":"publish","type":"page","link":"https:\/\/www.autotrol.net\/es\/roberto-maidanik-el-fundador-2\/","title":{"rendered":"Roberto Maidanik, el fundador"},"content":{"rendered":"<p>[vc_row][vc_column width=\u00bb1\/4&#8243;][vc_single_image image=\u00bb511&#8243; img_size=\u00bblarge\u00bb][\/vc_column][vc_column width=\u00bb1\/2&#8243;][vc_column_text]por <strong>Clara R. de Maidanik<\/strong><\/p>\n<p>El Ing. Roberto Maidanik naci\u00f3 el 15 de Mayo de 1923 en Dom\u00ednguez, provincia de Entre R\u00edos. Su padre era de profesi\u00f3n escritor, en ese hogar se desarroll\u00f3 su inclinaci\u00f3n por el estudio, que unido a su v\u00edvida inteligencia y gran memoria, le proporcionaron una vasta cultura universal.<\/p>\n<p>Curs\u00f3 sus estudios secundarios en el Colegio Mart\u00edn Pueyrred\u00f3n, de la Capital Federal, donde por sus altas calificaciones pod\u00eda aspirar a una beca de celador rentado. Su padre le sugiri\u00f3 que se presentase a ella, m\u00e1s por su car\u00e1cter t\u00edmido no se animaba; no le valieron excusas ni subterfugios para no hacerlo, y ante la insistencia paterna, y con la solicitud en el bolsillo, di\u00f3 muchas vueltas al edificio de la Rector\u00eda sin \u00e1nimo a entregarla, pero ante la inminencia del t\u00e9rmino de la fecha de entrega de la solicitud, se oblig\u00f3 a presentarla. Obtuvo el empleo.<\/p>\n<p>Atribu\u00eda a este episodio la fortaleza que le dio \u00e1nimos para afrontar situaciones complejas que se le presentaron en su vida y que requer\u00edan resoluci\u00f3n.<\/p>\n<p>En 1946 egres\u00f3 de la Facultad de Ingenier\u00eda de la Universidad de Buenos Aires con Diploma de Honor y obtuvo una beca para el Instituto Tecnol\u00f3gico de Massachussets, que no pudo hacer efectiva hasta tres a\u00f1os despu\u00e9s, cuando ya ten\u00eda una familia.<\/p>\n<p>El monto de la beca s\u00f3lo contemplaba los gastos del estudiante por lo que desde Buenos Aires les enviaban el dinero necesario para el sost\u00e9n de su familia. Promediando unos seis meses de estad\u00eda en Boston el Gobierno argentino prohibi\u00f3 el env\u00edo de dinero para estudiantes en el exterior. Como le era imposible sostenerse econ\u00f3micamente se vi\u00f3 ante la disyuntiva de interrumpir sus estudios y retornar al pa\u00eds; la familia se neg\u00f3 a esto \u00faltimo.<\/p>\n<p>Al conocer la situaci\u00f3n, la Universidad del M.I.T. le ofreci\u00f3 un trabajo en la biblioteca fuera de hora. As\u00ed solucion\u00f3 el problema. A\u00f1os m\u00e1s tarde confes\u00f3 que en la biblioteca limpiaba los pisos y no como hab\u00eda dejado creer que trabajaba como bibliotecario. Una vez m\u00e1s se puso a prueba su tenacidad.<\/p>\n<p>A su regreso al pa\u00eds debi\u00f3 cumplir con un contrato que lo obligaba a trabajar en la Direcci\u00f3n de la Energ\u00eda de La Plata por el t\u00e9rmino de 1 a\u00f1o, para completar la licencia otorgada. Dando muestras de su creatividad, all\u00ed fue gestando la idea de formar una empresa con su jefe de la repartici\u00f3n el Ing. Franco Liceni como socio, y el Sr. Victor Neagoe como dibujante-proyectista, para aprovechar sus conocimientos adquiridos en el M.I.T.<\/p>\n<p>As\u00ed naci\u00f3 la empresa Coasin S.A. (Compa\u00f1\u00eda de Asesoramiento Industrial) que ten\u00eda su sede en G\u00e1ndara 2725 que era el domicilio de la familia de Roberto Maidanik. A su regreso de la ciudad de La Plata comenzaba el trabajo en el taller de Coasin, despu\u00e9s de las 18 horas la cocina se transformaba en taller y hasta hab\u00eda invasiones en otras dependencias de la casa. Acostumbraba a mencionar que Ford empez\u00f3 tambi\u00e9n su gran empresa en el garage de su casa, haciendo menci\u00f3n al origen humilde de Coasin.<\/p>\n<p>En Octubre de 1953 se cre\u00f3 oficialmente Coasin S.A., el inicio de una empresa que di\u00f3 origen a otras tanto en Latinoam\u00e9rica como en Argentina, como ocurri\u00f3 en Octubre de 1962 cuando se fund\u00f3 Autotrol. Esto ya es historia.<\/p>\n<p>Acostumbraba a decir que amaba el \u201color a tinta\u201d que ten\u00edan los libros y \u00e9sta afici\u00f3n le llev\u00f3 a crear una revista \u201cMensurae\u201d con noticias, art\u00edculos t\u00e9cnicos y comentarios sobre instrumentaci\u00f3n y tecnolog\u00eda, reportajes a cient\u00edficos, etc. Se distribu\u00eda gratuitamente a institutos, clientes e interesados. Era un esfuerzo muy importante para una compa\u00f1\u00eda de relativa importancia, se debi\u00f3 interrumpir su emisi\u00f3n por factores econ\u00f3micos.<\/p>\n<p>Es imposible disociar la personalidad de Roberto Maidanik de las empresas que cre\u00f3. Roberto Maidanik fue un visionario tanto en el campo tecnol\u00f3gico como sociol\u00f3gico.<\/p>\n<p>Integr\u00f3 con el Sr. Otocar Rosarios un comit\u00e9 con el objeto de divulgar una teor\u00eda que se llam\u00f3 \u201cPensar Sudam\u00e9rica\u201d para nuclear a todos los pa\u00edses sudamericanos estrechando v\u00ednculos culturales, sociales, pol\u00edticos y econ\u00f3micos entre los pa\u00edses de la regi\u00f3n, se hicieron reuniones de esclarecimiento con conferencias, seminarios con presencia de personalidades de distintos sectores; se establecieron concursos literarios con el tema en colegios, etc. Este antecedente del MERCOSUR no pudo subsistir.<\/p>\n<p>En una entrevista un reporter le pregunt\u00f3 \u00bfCu\u00e1les fueron los hitos fundamentales en los inicios de Coasin y cuales fueron los motivos principales del crecimiento del grupo?<\/p>\n<p>R.M. \u201cLa decisi\u00f3n irreductible de mi familia de seguir adelante en los momentos de angustia financiera. El apoyo sin desfallecimiento de Don Isaac Bekenstein\u201d.<\/p>\n<p>R.M. \u201cMi gran m\u00e9rito consiste en saber elegir los mejores colaboradores\u201d.<\/p>\n<p>Discurso pronunciado en ocasi\u00f3n de los 35 a\u00f1os de Coasin S.A.:<\/p>\n<p>\u201cSirva este homenaje para testimoniar mi reconocimiento para quienes han hecho posible los \u00e9xitos obtenidos como as\u00ed una palabra de aliento y est\u00edmulo para la joven generaci\u00f3n que se prepara a continuar e incrementar la tarea en el fondo reci\u00e9n iniciada\u201d.<\/p>\n<p>Estas l\u00edneas recuerdan su tenacidad, su creatividad, su dedicaci\u00f3n, su don de gentes. Es el mejor tributo que le podemos ofrecer quienes hemos tenido el privilegio de conocerlo.<\/p>\n<p>Es el que \u00e9l hubiese deseado.[\/vc_column_text][\/vc_column][vc_column width=\u00bb1\/4&#8243;][\/vc_column][\/vc_row]<\/p>\n","protected":false},"excerpt":{"rendered":"<p>[vc_row][vc_column width=\u00bb1\/4&#8243;][vc_single_image image=\u00bb511&#8243; img_size=\u00bblarge\u00bb][\/vc_column][vc_column width=\u00bb1\/2&#8243;][vc_column_text]por Clara R. de Maidanik El Ing. Roberto Maidanik naci\u00f3 el 15 de Mayo de 1923 en Dom\u00ednguez, provincia de Entre R\u00edos.<span class=\"excerpt-hellip\"> [\u2026]<\/span><\/p>\n","protected":false},"author":1,"featured_media":0,"parent":0,"menu_order":0,"comment_status":"closed","ping_status":"closed","template":"","meta":[],"yoast_head":"<!-- This site is optimized with the Yoast SEO plugin v19.7.1 - https:\/\/yoast.com\/wordpress\/plugins\/seo\/ -->\n<title>Roberto Maidanik, el fundador - Autotrol<\/title>\n<meta name=\"robots\" content=\"index, follow, max-snippet:-1, max-image-preview:large, max-video-preview:-1\" \/>\n<link rel=\"canonical\" href=\"https:\/\/www.autotrol.net\/es\/roberto-maidanik-el-fundador-2\/\" \/>\n<meta property=\"og:locale\" content=\"es_ES\" \/>\n<meta property=\"og:type\" content=\"article\" \/>\n<meta property=\"og:title\" content=\"Roberto Maidanik, el fundador - Autotrol\" \/>\n<meta property=\"og:description\" content=\"[vc_row][vc_column width=\u00bb1\/4&#8243;][vc_single_image image=\u00bb511&#8243; img_size=\u00bblarge\u00bb][\/vc_column][vc_column width=\u00bb1\/2&#8243;][vc_column_text]por Clara R. de Maidanik El Ing. Roberto Maidanik naci\u00f3 el 15 de Mayo de 1923 en Dom\u00ednguez, provincia de Entre R\u00edos. [\u2026]\" \/>\n<meta property=\"og:url\" content=\"https:\/\/www.autotrol.net\/es\/roberto-maidanik-el-fundador-2\/\" \/>\n<meta property=\"og:site_name\" content=\"Autotrol\" \/>\n<meta property=\"article:modified_time\" content=\"2018-03-01T20:06:41+00:00\" \/>\n<meta name=\"twitter:card\" content=\"summary_large_image\" \/>\n<meta name=\"twitter:label1\" content=\"Tiempo de lectura\" \/>\n\t<meta name=\"twitter:data1\" content=\"5 minutos\" \/>\n<script type=\"application\/ld+json\" class=\"yoast-schema-graph\">{\"@context\":\"https:\/\/schema.org\",\"@graph\":[{\"@type\":\"WebPage\",\"@id\":\"https:\/\/www.autotrol.net\/es\/roberto-maidanik-el-fundador-2\/\",\"url\":\"https:\/\/www.autotrol.net\/es\/roberto-maidanik-el-fundador-2\/\",\"name\":\"Roberto Maidanik, el fundador - Autotrol\",\"isPartOf\":{\"@id\":\"https:\/\/www.autotrol.net\/es\/#website\"},\"datePublished\":\"2018-03-01T19:50:58+00:00\",\"dateModified\":\"2018-03-01T20:06:41+00:00\",\"breadcrumb\":{\"@id\":\"https:\/\/www.autotrol.net\/es\/roberto-maidanik-el-fundador-2\/#breadcrumb\"},\"inLanguage\":\"es\",\"potentialAction\":[{\"@type\":\"ReadAction\",\"target\":[\"https:\/\/www.autotrol.net\/es\/roberto-maidanik-el-fundador-2\/\"]}]},{\"@type\":\"BreadcrumbList\",\"@id\":\"https:\/\/www.autotrol.net\/es\/roberto-maidanik-el-fundador-2\/#breadcrumb\",\"itemListElement\":[{\"@type\":\"ListItem\",\"position\":1,\"name\":\"Portada\",\"item\":\"https:\/\/www.autotrol.net\/es\/\"},{\"@type\":\"ListItem\",\"position\":2,\"name\":\"Roberto Maidanik, el fundador\"}]},{\"@type\":\"WebSite\",\"@id\":\"https:\/\/www.autotrol.net\/es\/#website\",\"url\":\"https:\/\/www.autotrol.net\/es\/\",\"name\":\"Autotrol\",\"description\":\"\",\"potentialAction\":[{\"@type\":\"SearchAction\",\"target\":{\"@type\":\"EntryPoint\",\"urlTemplate\":\"https:\/\/www.autotrol.net\/es\/?s={search_term_string}\"},\"query-input\":\"required name=search_term_string\"}],\"inLanguage\":\"es\"}]}<\/script>\n<!-- \/ Yoast SEO plugin. -->","yoast_head_json":{"title":"Roberto Maidanik, el fundador - Autotrol","robots":{"index":"index","follow":"follow","max-snippet":"max-snippet:-1","max-image-preview":"max-image-preview:large","max-video-preview":"max-video-preview:-1"},"canonical":"https:\/\/www.autotrol.net\/es\/roberto-maidanik-el-fundador-2\/","og_locale":"es_ES","og_type":"article","og_title":"Roberto Maidanik, el fundador - Autotrol","og_description":"[vc_row][vc_column width=\u00bb1\/4&#8243;][vc_single_image image=\u00bb511&#8243; img_size=\u00bblarge\u00bb][\/vc_column][vc_column width=\u00bb1\/2&#8243;][vc_column_text]por Clara R. de Maidanik El Ing. Roberto Maidanik naci\u00f3 el 15 de Mayo de 1923 en Dom\u00ednguez, provincia de Entre R\u00edos. [\u2026]","og_url":"https:\/\/www.autotrol.net\/es\/roberto-maidanik-el-fundador-2\/","og_site_name":"Autotrol","article_modified_time":"2018-03-01T20:06:41+00:00","twitter_card":"summary_large_image","twitter_misc":{"Tiempo de lectura":"5 minutos"},"schema":{"@context":"https:\/\/schema.org","@graph":[{"@type":"WebPage","@id":"https:\/\/www.autotrol.net\/es\/roberto-maidanik-el-fundador-2\/","url":"https:\/\/www.autotrol.net\/es\/roberto-maidanik-el-fundador-2\/","name":"Roberto Maidanik, el fundador - Autotrol","isPartOf":{"@id":"https:\/\/www.autotrol.net\/es\/#website"},"datePublished":"2018-03-01T19:50:58+00:00","dateModified":"2018-03-01T20:06:41+00:00","breadcrumb":{"@id":"https:\/\/www.autotrol.net\/es\/roberto-maidanik-el-fundador-2\/#breadcrumb"},"inLanguage":"es","potentialAction":[{"@type":"ReadAction","target":["https:\/\/www.autotrol.net\/es\/roberto-maidanik-el-fundador-2\/"]}]},{"@type":"BreadcrumbList","@id":"https:\/\/www.autotrol.net\/es\/roberto-maidanik-el-fundador-2\/#breadcrumb","itemListElement":[{"@type":"ListItem","position":1,"name":"Portada","item":"https:\/\/www.autotrol.net\/es\/"},{"@type":"ListItem","position":2,"name":"Roberto Maidanik, el fundador"}]},{"@type":"WebSite","@id":"https:\/\/www.autotrol.net\/es\/#website","url":"https:\/\/www.autotrol.net\/es\/","name":"Autotrol","description":"","potentialAction":[{"@type":"SearchAction","target":{"@type":"EntryPoint","urlTemplate":"https:\/\/www.autotrol.net\/es\/?s={search_term_string}"},"query-input":"required name=search_term_string"}],"inLanguage":"es"}]}},"_links":{"self":[{"href":"https:\/\/www.autotrol.net\/es\/wp-json\/wp\/v2\/pages\/521"}],"collection":[{"href":"https:\/\/www.autotrol.net\/es\/wp-json\/wp\/v2\/pages"}],"about":[{"href":"https:\/\/www.autotrol.net\/es\/wp-json\/wp\/v2\/types\/page"}],"author":[{"embeddable":true,"href":"https:\/\/www.autotrol.net\/es\/wp-json\/wp\/v2\/users\/1"}],"replies":[{"embeddable":true,"href":"https:\/\/www.autotrol.net\/es\/wp-json\/wp\/v2\/comments?post=521"}],"version-history":[{"count":4,"href":"https:\/\/www.autotrol.net\/es\/wp-json\/wp\/v2\/pages\/521\/revisions"}],"predecessor-version":[{"id":525,"href":"https:\/\/www.autotrol.net\/es\/wp-json\/wp\/v2\/pages\/521\/revisions\/525"}],"wp:attachment":[{"href":"https:\/\/www.autotrol.net\/es\/wp-json\/wp\/v2\/media?parent=521"}],"curies":[{"name":"wp","href":"https:\/\/api.w.org\/{rel}","templated":true}]}}